{"id":6073,"date":"2025-05-01T21:21:00","date_gmt":"2025-05-01T19:21:00","guid":{"rendered":"https:\/\/2unterwegs.eu\/?page_id=6073"},"modified":"2026-03-03T20:39:30","modified_gmt":"2026-03-03T19:39:30","slug":"toskmana-2025","status":"publish","type":"page","link":"https:\/\/2unterwegs.eu\/?page_id=6073","title":{"rendered":"Toskana 2025"},"content":{"rendered":"<section  class='av_textblock_section av-l34seh1u-ab828808367e0acd006abbba348e9db1 '   itemscope=\"itemscope\" itemtype=\"https:\/\/schema.org\/CreativeWork\" ><div class='avia_textblock'  itemprop=\"text\" ><p>Nach unseren Schiffsausflug mit der Hurtigruten entlang der norwegischen K\u00fcsten geht es nun mit dem Wohnmobil in w\u00e4rmere Gefilde. In Italien waren wir noch nie und wir wollen das Land von einer seiner besten Seiten erkunden &#8211; wir fahren in die <strong>Toskana<\/strong>.<\/p>\n<p>Der Weg von Leipzig dorthin l\u00e4sst beinahe mit dem Kompass finden: immer nach S\u00fcden. Dann machen wir uns also auf den Weg und lassen uns \u00fcberraschen.<\/p>\n<\/div><\/section>\n<div  class='av-alb-blogposts template-blog  av-blog-meta-author-disabled av-blog-meta-comments-disabled av-blog-meta-html-info-disabled av-blog-meta-tag-disabled '  itemscope=\"itemscope\" itemtype=\"https:\/\/schema.org\/Blog\" ><article class=\"post-entry post-entry-type-standard post-entry-6079 post-loop-1 post-parity-odd post-entry-last single-small with-slider post-6079 post type-post status-publish format-standard has-post-thumbnail hentry category-toskana-2025\"  itemscope=\"itemscope\" itemtype=\"https:\/\/schema.org\/BlogPosting\" ><div class=\"blog-meta\"><a href='https:\/\/2unterwegs.eu\/?p=6079' class='small-preview'  title=\"gmaps1\"   itemprop=\"image\" itemscope=\"itemscope\" itemtype=\"https:\/\/schema.org\/ImageObject\" ><img decoding=\"async\" loading=\"lazy\" width=\"300\" height=\"235\" src=\"https:\/\/2unterwegs.eu\/blog\/wp-content\/uploads\/2022\/05\/gmaps1-300x235.png\" class=\"wp-image-4900 avia-img-lazy-loading-4900 attachment-medium size-medium wp-post-image\" alt=\"\" srcset=\"https:\/\/2unterwegs.eu\/blog\/wp-content\/uploads\/2022\/05\/gmaps1-300x235.png 300w, https:\/\/2unterwegs.eu\/blog\/wp-content\/uploads\/2022\/05\/gmaps1-768x601.png 768w, https:\/\/2unterwegs.eu\/blog\/wp-content\/uploads\/2022\/05\/gmaps1-705x552.png 705w, https:\/\/2unterwegs.eu\/blog\/wp-content\/uploads\/2022\/05\/gmaps1.png 999w\" sizes=\"auto, (max-width: 300px) 100vw, 300px\" \/><span class=\"iconfont\" aria-hidden='true' data-av_icon='\ue836' data-av_iconfont='entypo-fontello'><\/span><\/a><\/div><div class='entry-content-wrapper clearfix standard-content'><header class=\"entry-content-header\"><h2 class='post-title entry-title '  itemprop=\"headline\" ><a href=\"https:\/\/2unterwegs.eu\/?p=6079\" rel=\"bookmark\" title=\"Permanenter Link zu: Karte unserer Tour\">Karte unserer Tour<span class=\"post-format-icon minor-meta\"><\/span><\/a><\/h2><span class=\"post-meta-infos\"><time class=\"date-container minor-meta updated\"  itemprop=\"datePublished\" datetime=\"2025-04-27T10:02:00+02:00\" >27. April 2025<\/time><span class=\"text-sep\">\/<\/span><span class=\"blog-categories minor-meta\">in <a href=\"https:\/\/2unterwegs.eu\/?cat=180\" rel=\"tag\">Toskana 2025<\/a><\/span><\/span><\/header><div class=\"entry-content\"  itemprop=\"text\" >Hier findet ihr die Karten zu unserer Tour mit den Orten, an denen wir uns aufgehalten haben.<div class=\"read-more-link\"><a href=\"https:\/\/2unterwegs.eu\/?p=6079\" class=\"more-link\">Weiterlesen<span class=\"more-link-arrow\"><\/span><\/a><\/div><\/div><footer class=\"entry-footer\"><\/footer><div class='post_delimiter'><\/div><\/div><div class=\"post_author_timeline\"><\/div><span class='hidden'>\n\t\t\t\t<span class='av-structured-data'  itemprop=\"image\" itemscope=\"itemscope\" itemtype=\"https:\/\/schema.org\/ImageObject\" >\n\t\t\t\t\t\t<span itemprop='url'>https:\/\/2unterwegs.eu\/blog\/wp-content\/uploads\/2022\/05\/gmaps1.png<\/span>\n\t\t\t\t\t\t<span itemprop='height'>782<\/span>\n\t\t\t\t\t\t<span itemprop='width'>999<\/span>\n\t\t\t\t<\/span>\n\t\t\t\t<span class='av-structured-data'  itemprop=\"publisher\" itemtype=\"https:\/\/schema.org\/Organization\" itemscope=\"itemscope\" >\n\t\t\t\t\t\t<span itemprop='name'>2unterwegs<\/span>\n\t\t\t\t\t\t<span itemprop='logo' itemscope itemtype='https:\/\/schema.org\/ImageObject'>\n\t\t\t\t\t\t\t<span itemprop='url'>https:\/\/2unterwegs.eu\/blog\/wp-content\/uploads\/2019\/10\/Logo_WoMo_klein-300x91.jpg<\/span>\n\t\t\t\t\t\t<\/span>\n\t\t\t\t<\/span><span class='av-structured-data'  itemprop=\"author\" itemscope=\"itemscope\" itemtype=\"https:\/\/schema.org\/Person\" ><span itemprop='name'>2unterwegs<\/span><\/span><span class='av-structured-data'  itemprop=\"datePublished\" datetime=\"2025-04-27T10:02:00+02:00\" >2025-04-27 10:02:00<\/span><span class='av-structured-data'  itemprop=\"dateModified\" itemtype=\"https:\/\/schema.org\/dateModified\" >2025-04-30 22:10:09<\/span><span class='av-structured-data'  itemprop=\"mainEntityOfPage\" itemtype=\"https:\/\/schema.org\/mainEntityOfPage\" ><span itemprop='name'>Karte unserer Tour<\/span><\/span><\/span><\/article><\/div>\n","protected":false},"excerpt":{"rendered":"<p>In Italien waren wir noch nie und wir wollen das Land von einer seiner besten Seiten erkunden &#8211; wir fahren in die Toskana.<\/p>\n","protected":false},"author":3,"featured_media":0,"parent":0,"menu_order":0,"comment_status":"closed","ping_status":"closed","template":"","meta":{"_crdt_document":"","footnotes":""},"class_list":["post-6073","page","type-page","status-publish","hentry"],"_links":{"self":[{"href":"https:\/\/2unterwegs.eu\/index.php?rest_route=\/wp\/v2\/pages\/6073","targetHints":{"allow":["GET"]}}],"collection":[{"href":"https:\/\/2unterwegs.eu\/index.php?rest_route=\/wp\/v2\/pages"}],"about":[{"href":"https:\/\/2unterwegs.eu\/index.php?rest_route=\/wp\/v2\/types\/page"}],"author":[{"embeddable":true,"href":"https:\/\/2unterwegs.eu\/index.php?rest_route=\/wp\/v2\/users\/3"}],"replies":[{"embeddable":true,"href":"https:\/\/2unterwegs.eu\/index.php?rest_route=%2Fwp%2Fv2%2Fcomments&post=6073"}],"version-history":[{"count":4,"href":"https:\/\/2unterwegs.eu\/index.php?rest_route=\/wp\/v2\/pages\/6073\/revisions"}],"predecessor-version":[{"id":6116,"href":"https:\/\/2unterwegs.eu\/index.php?rest_route=\/wp\/v2\/pages\/6073\/revisions\/6116"}],"wp:attachment":[{"href":"https:\/\/2unterwegs.eu\/index.php?rest_route=%2Fwp%2Fv2%2Fmedia&parent=6073"}],"curies":[{"name":"wp","href":"https:\/\/api.w.org\/{rel}","templated":true}]}}